{"id":205,"date":"2023-02-08T16:09:26","date_gmt":"2023-02-08T19:09:26","guid":{"rendered":"http:\/\/dralivianazareth.com.br\/?page_id=205"},"modified":"2023-06-08T21:25:44","modified_gmt":"2023-06-09T00:25:44","slug":"checkout-odpbx-guia","status":"publish","type":"page","link":"https:\/\/dralivianazareth.com.br\/index.php\/checkout-odpbx-guia\/","title":{"rendered":"Checkout Odpbx &#038; Guia"},"content":{"rendered":"\t\t<div data-elementor-type=\"wp-page\" data-elementor-id=\"205\" class=\"elementor elementor-205\" data-elementor-post-type=\"page\">\n\t\t\t\t\t\t<section class=\"elementor-section elementor-top-section elementor-element elementor-element-08f988f elementor-section-boxed elementor-section-height-default elementor-section-height-default\" data-id=\"08f988f\" data-element_type=\"section\">\n\t\t\t\t\t\t<div class=\"elementor-container elementor-column-gap-default\">\n\t\t\t\t\t<div class=\"elementor-column elementor-col-100 elementor-top-column elementor-element elementor-element-6ab8e57\" data-id=\"6ab8e57\" data-element_type=\"column\">\n\t\t\t<div class=\"elementor-widget-wrap elementor-element-populated\">\n\t\t\t\t\t\t<div class=\"elementor-element elementor-element-54be968 elementor-widget elementor-widget-image\" data-id=\"54be968\" data-element_type=\"widget\" data-widget_type=\"image.default\">\n\t\t\t\t<div class=\"elementor-widget-container\">\n\t\t\t<style>\/*! elementor - v3.19.0 - 07-02-2024 *\/\n.elementor-widget-image{text-align:center}.elementor-widget-image a{display:inline-block}.elementor-widget-image a img[src$=\".svg\"]{width:48px}.elementor-widget-image img{vertical-align:middle;display:inline-block}<\/style>\t\t\t\t\t\t\t\t\t\t<img fetchpriority=\"high\" decoding=\"async\" width=\"1024\" height=\"1024\" src=\"https:\/\/dralivianazareth.com.br\/wp-content\/uploads\/2023\/02\/IMAGENS-PARA-PAG-DE-VENDAS-2-2-1-1024x1024.png\" class=\"attachment-large size-large wp-image-521\" alt=\"\" srcset=\"https:\/\/dralivianazareth.com.br\/wp-content\/uploads\/2023\/02\/IMAGENS-PARA-PAG-DE-VENDAS-2-2-1-1024x1024.png 1024w, https:\/\/dralivianazareth.com.br\/wp-content\/uploads\/2023\/02\/IMAGENS-PARA-PAG-DE-VENDAS-2-2-1-300x300.png 300w, https:\/\/dralivianazareth.com.br\/wp-content\/uploads\/2023\/02\/IMAGENS-PARA-PAG-DE-VENDAS-2-2-1-150x150.png 150w, https:\/\/dralivianazareth.com.br\/wp-content\/uploads\/2023\/02\/IMAGENS-PARA-PAG-DE-VENDAS-2-2-1-768x768.png 768w, https:\/\/dralivianazareth.com.br\/wp-content\/uploads\/2023\/02\/IMAGENS-PARA-PAG-DE-VENDAS-2-2-1.png 1080w\" sizes=\"(max-width: 1024px) 100vw, 1024px\" \/>\t\t\t\t\t\t\t\t\t\t\t\t\t<\/div>\n\t\t\t\t<\/div>\n\t\t\t\t\t<\/div>\n\t\t<\/div>\n\t\t\t\t\t<\/div>\n\t\t<\/section>\n\t\t\t\t<section class=\"elementor-section elementor-top-section elementor-element elementor-element-8c124b0 elementor-section-boxed elementor-section-height-default elementor-section-height-default\" data-id=\"8c124b0\" data-element_type=\"section\">\n\t\t\t\t\t\t<div class=\"elementor-container elementor-column-gap-default\">\n\t\t\t\t\t<div class=\"elementor-column elementor-col-100 elementor-top-column elementor-element elementor-element-c299724\" data-id=\"c299724\" data-element_type=\"column\">\n\t\t\t<div class=\"elementor-widget-wrap\">\n\t\t\t\t\t\t\t<\/div>\n\t\t<\/div>\n\t\t\t\t\t<\/div>\n\t\t<\/section>\n\t\t\t\t<section class=\"elementor-section elementor-top-section elementor-element elementor-element-38fcb72 elementor-section-boxed elementor-section-height-default elementor-section-height-default\" data-id=\"38fcb72\" data-element_type=\"section\">\n\t\t\t\t\t\t<div class=\"elementor-container elementor-column-gap-default\">\n\t\t\t\t\t<div class=\"elementor-column elementor-col-50 elementor-top-column elementor-element elementor-element-6b14020\" data-id=\"6b14020\" data-element_type=\"column\">\n\t\t\t<div class=\"elementor-widget-wrap elementor-element-populated\">\n\t\t\t\t\t\t<div class=\"elementor-element elementor-element-637f6ef elementor-widget elementor-widget-text-editor\" data-id=\"637f6ef\" data-element_type=\"widget\" data-widget_type=\"text-editor.default\">\n\t\t\t\t<div class=\"elementor-widget-container\">\n\t\t\t<style>\/*! elementor - v3.19.0 - 07-02-2024 *\/\n.elementor-widget-text-editor.elementor-drop-cap-view-stacked .elementor-drop-cap{background-color:#69727d;color:#fff}.elementor-widget-text-editor.elementor-drop-cap-view-framed .elementor-drop-cap{color:#69727d;border:3px solid;background-color:transparent}.elementor-widget-text-editor:not(.elementor-drop-cap-view-default) .elementor-drop-cap{margin-top:8px}.elementor-widget-text-editor:not(.elementor-drop-cap-view-default) .elementor-drop-cap-letter{width:1em;height:1em}.elementor-widget-text-editor .elementor-drop-cap{float:left;text-align:center;line-height:1;font-size:50px}.elementor-widget-text-editor .elementor-drop-cap-letter{display:inline-block}<\/style>\t\t\t\t<p><span style=\"color: #ffffff; font-family: Montserrat, sans-serif; font-size: 20px; font-weight: 600; text-align: center;\">OdontoPEDBOX<\/span><\/p><p><span style=\"color: #ffffff; font-family: Montserrat, sans-serif; font-size: 20px; font-weight: 600; text-align: center;\">(+ Guia)<\/span><\/p>\t\t\t\t\t\t<\/div>\n\t\t\t\t<\/div>\n\t\t\t\t<div class=\"elementor-element elementor-element-14b3f64 elementor-widget elementor-widget-text-editor\" data-id=\"14b3f64\" data-element_type=\"widget\" data-widget_type=\"text-editor.default\">\n\t\t\t\t<div class=\"elementor-widget-container\">\n\t\t\t\t\t\t\t<p style=\"color: #ffffff; font-family: Montserrat, sans-serif; text-align: center;\">Quer <strong>profissionalizar<\/strong> seu Instagram,&nbsp;<strong>aumentar sua autoridade<\/strong> e aproveitar todas as vantagens dessa <strong>transforma\u00e7\u00e3o<\/strong>?<\/p>\n<p style=\"color: #ffffff; font-family: Montserrat, sans-serif; text-align: center;\">Clique no bot\u00e3o abaixo.<\/p>\t\t\t\t\t\t<\/div>\n\t\t\t\t<\/div>\n\t\t\t\t<div class=\"elementor-element elementor-element-d0cc893 elementor-mobile-align-center elementor-align-center elementor-widget elementor-widget-button\" data-id=\"d0cc893\" data-element_type=\"widget\" data-widget_type=\"button.default\">\n\t\t\t\t<div class=\"elementor-widget-container\">\n\t\t\t\t\t<div class=\"elementor-button-wrapper\">\n\t\t\t<a class=\"elementor-button elementor-button-link elementor-size-sm\" href=\"http:\/\/dralivianazareth.com.br\/index.php\/odontopedbox\/\">\n\t\t\t\t\t\t<span class=\"elementor-button-content-wrapper\">\n\t\t\t\t\t\t<span class=\"elementor-button-text\">QUERO GARANTIR MINHA VAGA<\/span>\n\t\t<\/span>\n\t\t\t\t\t<\/a>\n\t\t<\/div>\n\t\t\t\t<\/div>\n\t\t\t\t<\/div>\n\t\t\t\t<div class=\"elementor-element elementor-element-22159b0 elementor-widget elementor-widget-text-editor\" data-id=\"22159b0\" data-element_type=\"widget\" data-widget_type=\"text-editor.default\">\n\t\t\t\t<div class=\"elementor-widget-container\">\n\t\t\t\t\t\t\t<p>1\u00ba lote (apenas 35 vagas)<\/p>\t\t\t\t\t\t<\/div>\n\t\t\t\t<\/div>\n\t\t\t\t<div class=\"elementor-element elementor-element-2394d27 elementor-widget elementor-widget-spacer\" data-id=\"2394d27\" data-element_type=\"widget\" data-widget_type=\"spacer.default\">\n\t\t\t\t<div class=\"elementor-widget-container\">\n\t\t\t<style>\/*! elementor - v3.19.0 - 07-02-2024 *\/\n.elementor-column .elementor-spacer-inner{height:var(--spacer-size)}.e-con{--container-widget-width:100%}.e-con-inner>.elementor-widget-spacer,.e-con>.elementor-widget-spacer{width:var(--container-widget-width,var(--spacer-size));--align-self:var(--container-widget-align-self,initial);--flex-shrink:0}.e-con-inner>.elementor-widget-spacer>.elementor-widget-container,.e-con>.elementor-widget-spacer>.elementor-widget-container{height:100%;width:100%}.e-con-inner>.elementor-widget-spacer>.elementor-widget-container>.elementor-spacer,.e-con>.elementor-widget-spacer>.elementor-widget-container>.elementor-spacer{height:100%}.e-con-inner>.elementor-widget-spacer>.elementor-widget-container>.elementor-spacer>.elementor-spacer-inner,.e-con>.elementor-widget-spacer>.elementor-widget-container>.elementor-spacer>.elementor-spacer-inner{height:var(--container-widget-height,var(--spacer-size))}.e-con-inner>.elementor-widget-spacer.elementor-widget-empty,.e-con>.elementor-widget-spacer.elementor-widget-empty{position:relative;min-height:22px;min-width:22px}.e-con-inner>.elementor-widget-spacer.elementor-widget-empty .elementor-widget-empty-icon,.e-con>.elementor-widget-spacer.elementor-widget-empty .elementor-widget-empty-icon{position:absolute;top:0;bottom:0;left:0;right:0;margin:auto;padding:0;width:22px;height:22px}<\/style>\t\t<div class=\"elementor-spacer\">\n\t\t\t<div class=\"elementor-spacer-inner\"><\/div>\n\t\t<\/div>\n\t\t\t\t<\/div>\n\t\t\t\t<\/div>\n\t\t\t\t\t<\/div>\n\t\t<\/div>\n\t\t\t\t<div class=\"elementor-column elementor-col-50 elementor-top-column elementor-element elementor-element-55f5ebd\" data-id=\"55f5ebd\" data-element_type=\"column\">\n\t\t\t<div class=\"elementor-widget-wrap elementor-element-populated\">\n\t\t\t\t\t\t<section class=\"elementor-section elementor-inner-section elementor-element elementor-element-7327b49 elementor-section-boxed elementor-section-height-default elementor-section-height-default\" data-id=\"7327b49\" data-element_type=\"section\">\n\t\t\t\t\t\t<div class=\"elementor-container elementor-column-gap-default\">\n\t\t\t\t\t<div class=\"elementor-column elementor-col-100 elementor-inner-column elementor-element elementor-element-210b98a\" data-id=\"210b98a\" data-element_type=\"column\">\n\t\t\t<div class=\"elementor-widget-wrap elementor-element-populated\">\n\t\t\t\t\t\t<div class=\"elementor-element elementor-element-0781caa elementor-widget elementor-widget-text-editor\" data-id=\"0781caa\" data-element_type=\"widget\" data-widget_type=\"text-editor.default\">\n\t\t\t\t<div class=\"elementor-widget-container\">\n\t\t\t\t\t\t\t<p><span style=\"color: #ffffff; font-family: Montserrat, sans-serif; font-size: 20px; font-weight: 600; text-align: center;\">Guia de Consultas em Odontopediatria<\/span><\/p><p><span style=\"color: #ffffff; font-family: Montserrat, sans-serif; font-size: 20px; font-weight: 600; text-align: center;\">(avulso)<\/span><\/p>\t\t\t\t\t\t<\/div>\n\t\t\t\t<\/div>\n\t\t\t\t\t<\/div>\n\t\t<\/div>\n\t\t\t\t\t<\/div>\n\t\t<\/section>\n\t\t\t\t<div class=\"elementor-element elementor-element-d026a3e elementor-widget elementor-widget-text-editor\" data-id=\"d026a3e\" data-element_type=\"widget\" data-widget_type=\"text-editor.default\">\n\t\t\t\t<div class=\"elementor-widget-container\">\n\t\t\t\t\t\t\t<p style=\"text-align: center; color: #ffffff; font-family: Montserrat, sans-serif;\">Deseja <strong>agregar mais valor a sua consulta,\u00a0<\/strong>cobrar mais por isso e <strong>aumentar a fideliza\u00e7\u00e3o<\/strong> dos pacientes?<\/p><p style=\"text-align: center; color: #ffffff; font-family: Montserrat, sans-serif;\">Clique no bot\u00e3o abaixo.<\/p>\t\t\t\t\t\t<\/div>\n\t\t\t\t<\/div>\n\t\t\t\t<section class=\"elementor-section elementor-inner-section elementor-element elementor-element-6529d43 elementor-section-boxed elementor-section-height-default elementor-section-height-default\" data-id=\"6529d43\" data-element_type=\"section\">\n\t\t\t\t\t\t<div class=\"elementor-container elementor-column-gap-default\">\n\t\t\t\t\t<div class=\"elementor-column elementor-col-100 elementor-inner-column elementor-element elementor-element-b4646cf\" data-id=\"b4646cf\" data-element_type=\"column\">\n\t\t\t<div class=\"elementor-widget-wrap elementor-element-populated\">\n\t\t\t\t\t\t<div class=\"elementor-element elementor-element-143e3bc elementor-align-center elementor-widget elementor-widget-button\" data-id=\"143e3bc\" data-element_type=\"widget\" data-widget_type=\"button.default\">\n\t\t\t\t<div class=\"elementor-widget-container\">\n\t\t\t\t\t<div class=\"elementor-button-wrapper\">\n\t\t\t<a class=\"elementor-button elementor-button-link elementor-size-sm\" href=\"http:\/\/dralivianazareth.com.br\/index.php\/guiando-suas-consultas-em-odontoped_perp\/\">\n\t\t\t\t\t\t<span class=\"elementor-button-content-wrapper\">\n\t\t\t\t\t\t<span class=\"elementor-button-text\">QUERO O MEU GUIA<\/span>\n\t\t<\/span>\n\t\t\t\t\t<\/a>\n\t\t<\/div>\n\t\t\t\t<\/div>\n\t\t\t\t<\/div>\n\t\t\t\t\t<\/div>\n\t\t<\/div>\n\t\t\t\t\t<\/div>\n\t\t<\/section>\n\t\t\t\t\t<\/div>\n\t\t<\/div>\n\t\t\t\t\t<\/div>\n\t\t<\/section>\n\t\t\t\t<section class=\"elementor-section elementor-top-section elementor-element elementor-element-758089d elementor-section-boxed elementor-section-height-default elementor-section-height-default\" data-id=\"758089d\" data-element_type=\"section\">\n\t\t\t\t\t\t<div class=\"elementor-container elementor-column-gap-default\">\n\t\t\t\t\t<div class=\"elementor-column elementor-col-100 elementor-top-column elementor-element elementor-element-dd42c3e\" data-id=\"dd42c3e\" data-element_type=\"column\">\n\t\t\t<div class=\"elementor-widget-wrap\">\n\t\t\t\t\t\t\t<\/div>\n\t\t<\/div>\n\t\t\t\t\t<\/div>\n\t\t<\/section>\n\t\t\t\t<\/div>\n\t\t","protected":false},"excerpt":{"rendered":"<p>OdontoPEDBOX (+ Guia) Quer profissionalizar seu Instagram,&nbsp;aumentar sua autoridade e aproveitar todas as vantagens dessa transforma\u00e7\u00e3o? Clique no bot\u00e3o abaixo. QUERO GARANTIR MINHA VAGA 1\u00ba lote (apenas 35 vagas) Guia de Consultas em Odontopediatria (avulso) Deseja agregar mais valor a sua consulta,\u00a0cobrar mais por isso e aumentar a fideliza\u00e7\u00e3o dos pacientes? Clique no bot\u00e3o abaixo. [&hellip;]<\/p>\n","protected":false},"author":1,"featured_media":0,"parent":0,"menu_order":0,"comment_status":"closed","ping_status":"closed","template":"elementor_canvas","meta":{"footnotes":""},"_links":{"self":[{"href":"https:\/\/dralivianazareth.com.br\/index.php\/wp-json\/wp\/v2\/pages\/205"}],"collection":[{"href":"https:\/\/dralivianazareth.com.br\/index.php\/wp-json\/wp\/v2\/pages"}],"about":[{"href":"https:\/\/dralivianazareth.com.br\/index.php\/wp-json\/wp\/v2\/types\/page"}],"author":[{"embeddable":true,"href":"https:\/\/dralivianazareth.com.br\/index.php\/wp-json\/wp\/v2\/users\/1"}],"replies":[{"embeddable":true,"href":"https:\/\/dralivianazareth.com.br\/index.php\/wp-json\/wp\/v2\/comments?post=205"}],"version-history":[{"count":93,"href":"https:\/\/dralivianazareth.com.br\/index.php\/wp-json\/wp\/v2\/pages\/205\/revisions"}],"predecessor-version":[{"id":1308,"href":"https:\/\/dralivianazareth.com.br\/index.php\/wp-json\/wp\/v2\/pages\/205\/revisions\/1308"}],"wp:attachment":[{"href":"https:\/\/dralivianazareth.com.br\/index.php\/wp-json\/wp\/v2\/media?parent=205"}],"curies":[{"name":"wp","href":"https:\/\/api.w.org\/{rel}","templated":true}]}}